{"id":240,"date":"2021-05-27T13:54:52","date_gmt":"2021-05-27T13:54:52","guid":{"rendered":"http:\/\/viamia.local\/impressum\/"},"modified":"2025-11-25T08:26:33","modified_gmt":"2025-11-25T07:26:33","slug":"impressum","status":"publish","type":"page","link":"https:\/\/viamia.ch\/it\/impressum\/","title":{"rendered":"Kontakt"},"content":{"rendered":"\n<section data-widget-group=\"headline_text\" class=\"inner-container\">\n    <div class=\"headline_text\">\n        <div class=\"headline title\">\n                        Contatto\n                    <\/div>\n        <div class=\"text\">\n            <div class=\"content\">\n\n\n\n<p><a href=\"mailto:viamia@edk.ch\">viamia@edk.ch<\/a><br>Conferenza svizzera dell\u2019orientamento professionale, universitario e di carriera (CS OPUC)<br>Una conferenza specializzata delle direttrici e dei direttori cantonali della pubblica educazione (CDPE)<br>Casa dei Cantoni<br>Speichergasse 6<br>Casella postale<br>CH-3001 Berna<\/p>\n\n\n\n<p><\/p>\n\n\n\n<h1 class=\"wp-block-heading\">Basi legali<\/h1>\n\n\n\n<h2 class=\"wp-block-heading\">Esclusione della responsabilit\u00e0<\/h2>\n\n\n\n<p>I contenuti di questo sito vengono costantemente aggiornati e controllati. Tuttavia non se ne pu\u00f2 garantire l&#8217;attualit\u00e0, la completezza e la correttezza. Il Segretariato generale della CDPE declina ogni responsabilit\u00e0 per eventuali danni causati dall&#8217;impiego dei contenuti di questo sito. La responsabilit\u00e0 dei contenuti di siti collegati \u00e8 dei rispettivi gestori.<\/p>\n\n\n\n<h2 class=\"wp-block-heading\">Rimandi e collegamenti<\/h2>\n\n\n\n<p>Rimandi e collegamenti a siti web di terzi non rientrano nella sfera di responsabilit\u00e0 delle autorit\u00e0 federali.<\/p>\n\n\n\n<p>L\u2019utente consulta e utilizza queste pagine web a proprio rischio. Le autorit\u00e0 federali dichiarano esplicitamente di non avere nessuna influenza sulla forma, il contenuto e le offerte delle pagine collegate. Le informazioni e i servizi offerti da queste pagine web sono interamente di responsabilit\u00e0 dei loro autori.<\/p>\n\n\n\n<div id=\"datenschutz\"><\/div>\n\n\n\n<p>Le autorit\u00e0 federali declinano ogni responsabilit\u00e0 per queste pagine web.<\/p>\n\n\n\n<h2 class=\"wp-block-heading\">Protezione dei dati<\/h2>\n\n\n\n<p>L&#8217;accesso a questo sito web non comporta la registrazione di dati personali. Il server web registra unicamente i dati di utilizzo non personali.&nbsp;La valutazione dei dati resi anonimi.<\/p>\n\n\n\n<p>In caso di accesso volontario (e-mail, modulo di contatto, abbonamenti) i dati personali forniti vengono utilizzati unicamente allo scopo indicato&nbsp;rispettivamente per fornire un feedback e per rispondere alle domande. Questi dati non vengono n\u00e9 trasmessi a terzi, n\u00e9 utilizzati per altri scopi.<\/p>\n\n\n\n<p>Come molti altri siti web, anche questo sito utilizza i cosiddetti &#8220;cookie&#8221;. I cookie sono file di testo di piccole dimensioni che vengono trasferiti dal server di un sito web al Suo disco rigido. Tramite le informazioni contenute nei cookie possiamo facilitarle la navigazione e permettere la visualizzazione corretta del nostro sito web. \u00c8 sempre possibile disattivare l&#8217;utilizzo dei cookie tramite le impostazioni del Suo browser. La preghiamo di prestare attenzione al fatto che singole funzioni del nostro sito web potrebbero non funzionare qualora disattivasse l&#8217;utilizzo dei cookie.<\/p>\n\n\n\n<h2 class=\"wp-block-heading\">Diritti d&#8217;autore<\/h2>\n\n\n\n<p>Copyright<br>Conferenza delle direttrici e dei direttori cantonali della pubblica educazione (CDPE)<\/p>\n\n\n\n<p>Edizione e redazione<br>Segretariato generale della CDPE \/ Conferenza svizzera dell\u2019orientamento professionale, universitario e di carriera CS OPUC<\/p>\n\n\n\n<p>I diritti d&#8217;autore e gli altri diritti spettano al Segretariato generale della CDPE. Scaricare i contenuti di questo sito\u00a0 (testi, immagini, documenti) non conferisce alcun diritto su di essi. \u00c8 consentita la citazione da documenti e siti a condizione che venga indicata correttamente la fonte. Per l&#8217;impiego di documenti e testi completi di questo sito \u00e8 necessaria l&#8217;autorizzazione da parte del Segretariato generale della CDPE.<\/p>\n\n\n\n<\/div>\n<\/div>\n<\/div>\n<\/section>\n","protected":false},"excerpt":{"rendered":"<p>Contatto viamia@edk.chConferenza svizzera dell\u2019orientamento professionale, universitario e di carriera (CS OPUC)Una conferenza specializzata delle direttrici e dei direttori cantonali della pubblica educazione (CDPE)Casa dei CantoniSpeichergasse 6Casella postaleCH-3001 Berna Basi legali Esclusione della responsabilit\u00e0 I contenuti di questo sito vengono costantemente aggiornati e controllati. Tuttavia non se ne pu\u00f2 garantire l&#8217;attualit\u00e0, la completezza e la correttezza. [&hellip;]<\/p>\n","protected":false},"author":1,"featured_media":0,"parent":0,"menu_order":0,"comment_status":"closed","ping_status":"open","template":"","meta":{"_acf_changed":false,"footnotes":""},"class_list":["post-240","page","type-page","status-publish","hentry"],"acf":[],"yoast_head":"<!-- This site is optimized with the Yoast SEO plugin v27.5 - https:\/\/yoast.com\/product\/yoast-seo-wordpress\/ -->\n<title>Kontakt &#8211; viamia<\/title>\n<meta name=\"description\" content=\"Entdecken Sie Ihre beruflichen Perspektiven mit viamia | kostenlose berufliche Standortbestimmung f\u00fcr Personen \u00fcber 40 Jahren.\" \/>\n<meta name=\"robots\" content=\"index, follow, max-snippet:-1, max-image-preview:large, max-video-preview:-1\" \/>\n<link rel=\"canonical\" href=\"https:\/\/viamia.ch\/it\/impressum\/\" \/>\n<meta property=\"og:locale\" content=\"it_IT\" \/>\n<meta property=\"og:type\" content=\"article\" \/>\n<meta property=\"og:title\" content=\"Kontakt &#8211; viamia\" \/>\n<meta property=\"og:description\" content=\"Entdecken Sie Ihre beruflichen Perspektiven mit viamia | kostenlose berufliche Standortbestimmung f\u00fcr Personen \u00fcber 40 Jahren.\" \/>\n<meta property=\"og:url\" content=\"https:\/\/viamia.ch\/it\/impressum\/\" \/>\n<meta property=\"og:site_name\" content=\"viamia\" \/>\n<meta property=\"article:modified_time\" content=\"2025-11-25T07:26:33+00:00\" \/>\n<meta name=\"twitter:card\" content=\"summary_large_image\" \/>\n<meta name=\"twitter:label1\" content=\"Tempo di lettura stimato\" \/>\n\t<meta name=\"twitter:data1\" content=\"3 minuti\" \/>\n<script type=\"application\/ld+json\" class=\"yoast-schema-graph\">{\"@context\":\"https:\\\/\\\/schema.org\",\"@graph\":[{\"@type\":\"WebPage\",\"@id\":\"https:\\\/\\\/viamia.ch\\\/it\\\/impressum\\\/\",\"url\":\"https:\\\/\\\/viamia.ch\\\/it\\\/impressum\\\/\",\"name\":\"Kontakt &#8211; viamia\",\"isPartOf\":{\"@id\":\"https:\\\/\\\/viamia.ch\\\/#website\"},\"datePublished\":\"2021-05-27T13:54:52+00:00\",\"dateModified\":\"2025-11-25T07:26:33+00:00\",\"description\":\"Entdecken Sie Ihre beruflichen Perspektiven mit viamia | kostenlose berufliche Standortbestimmung f\u00fcr Personen \u00fcber 40 Jahren.\",\"breadcrumb\":{\"@id\":\"https:\\\/\\\/viamia.ch\\\/it\\\/impressum\\\/#breadcrumb\"},\"inLanguage\":\"it-IT\",\"potentialAction\":[{\"@type\":\"ReadAction\",\"target\":[\"https:\\\/\\\/viamia.ch\\\/it\\\/impressum\\\/\"]}]},{\"@type\":\"BreadcrumbList\",\"@id\":\"https:\\\/\\\/viamia.ch\\\/it\\\/impressum\\\/#breadcrumb\",\"itemListElement\":[{\"@type\":\"ListItem\",\"position\":1,\"name\":\"Home\",\"item\":\"https:\\\/\\\/viamia.ch\\\/it\\\/\"},{\"@type\":\"ListItem\",\"position\":2,\"name\":\"Kontakt\"}]},{\"@type\":\"WebSite\",\"@id\":\"https:\\\/\\\/viamia.ch\\\/#website\",\"url\":\"https:\\\/\\\/viamia.ch\\\/\",\"name\":\"viamia\",\"description\":\"Sfrutta le tue potenzialit\u00e0!\",\"potentialAction\":[{\"@type\":\"SearchAction\",\"target\":{\"@type\":\"EntryPoint\",\"urlTemplate\":\"https:\\\/\\\/viamia.ch\\\/?s={search_term_string}\"},\"query-input\":{\"@type\":\"PropertyValueSpecification\",\"valueRequired\":true,\"valueName\":\"search_term_string\"}}],\"inLanguage\":\"it-IT\"}]}<\/script>\n<!-- \/ Yoast SEO plugin. -->","yoast_head_json":{"title":"Kontakt &#8211; viamia","description":"Entdecken Sie Ihre beruflichen Perspektiven mit viamia | kostenlose berufliche Standortbestimmung f\u00fcr Personen \u00fcber 40 Jahren.","robots":{"index":"index","follow":"follow","max-snippet":"max-snippet:-1","max-image-preview":"max-image-preview:large","max-video-preview":"max-video-preview:-1"},"canonical":"https:\/\/viamia.ch\/it\/impressum\/","og_locale":"it_IT","og_type":"article","og_title":"Kontakt &#8211; viamia","og_description":"Entdecken Sie Ihre beruflichen Perspektiven mit viamia | kostenlose berufliche Standortbestimmung f\u00fcr Personen \u00fcber 40 Jahren.","og_url":"https:\/\/viamia.ch\/it\/impressum\/","og_site_name":"viamia","article_modified_time":"2025-11-25T07:26:33+00:00","twitter_card":"summary_large_image","twitter_misc":{"Tempo di lettura stimato":"3 minuti"},"schema":{"@context":"https:\/\/schema.org","@graph":[{"@type":"WebPage","@id":"https:\/\/viamia.ch\/it\/impressum\/","url":"https:\/\/viamia.ch\/it\/impressum\/","name":"Kontakt &#8211; viamia","isPartOf":{"@id":"https:\/\/viamia.ch\/#website"},"datePublished":"2021-05-27T13:54:52+00:00","dateModified":"2025-11-25T07:26:33+00:00","description":"Entdecken Sie Ihre beruflichen Perspektiven mit viamia | kostenlose berufliche Standortbestimmung f\u00fcr Personen \u00fcber 40 Jahren.","breadcrumb":{"@id":"https:\/\/viamia.ch\/it\/impressum\/#breadcrumb"},"inLanguage":"it-IT","potentialAction":[{"@type":"ReadAction","target":["https:\/\/viamia.ch\/it\/impressum\/"]}]},{"@type":"BreadcrumbList","@id":"https:\/\/viamia.ch\/it\/impressum\/#breadcrumb","itemListElement":[{"@type":"ListItem","position":1,"name":"Home","item":"https:\/\/viamia.ch\/it\/"},{"@type":"ListItem","position":2,"name":"Kontakt"}]},{"@type":"WebSite","@id":"https:\/\/viamia.ch\/#website","url":"https:\/\/viamia.ch\/","name":"viamia","description":"Sfrutta le tue potenzialit\u00e0!","potentialAction":[{"@type":"SearchAction","target":{"@type":"EntryPoint","urlTemplate":"https:\/\/viamia.ch\/?s={search_term_string}"},"query-input":{"@type":"PropertyValueSpecification","valueRequired":true,"valueName":"search_term_string"}}],"inLanguage":"it-IT"}]}},"_links":{"self":[{"href":"https:\/\/viamia.ch\/it\/wp-json\/wp\/v2\/pages\/240","targetHints":{"allow":["GET"]}}],"collection":[{"href":"https:\/\/viamia.ch\/it\/wp-json\/wp\/v2\/pages"}],"about":[{"href":"https:\/\/viamia.ch\/it\/wp-json\/wp\/v2\/types\/page"}],"author":[{"embeddable":true,"href":"https:\/\/viamia.ch\/it\/wp-json\/wp\/v2\/users\/1"}],"replies":[{"embeddable":true,"href":"https:\/\/viamia.ch\/it\/wp-json\/wp\/v2\/comments?post=240"}],"version-history":[{"count":12,"href":"https:\/\/viamia.ch\/it\/wp-json\/wp\/v2\/pages\/240\/revisions"}],"predecessor-version":[{"id":2771,"href":"https:\/\/viamia.ch\/it\/wp-json\/wp\/v2\/pages\/240\/revisions\/2771"}],"wp:attachment":[{"href":"https:\/\/viamia.ch\/it\/wp-json\/wp\/v2\/media?parent=240"}],"curies":[{"name":"wp","href":"https:\/\/api.w.org\/{rel}","templated":true}]}}