{"id":239,"date":"2021-05-27T13:54:52","date_gmt":"2021-05-27T13:54:52","guid":{"rendered":"http:\/\/viamia.local\/impressum\/"},"modified":"2025-11-25T08:23:13","modified_gmt":"2025-11-25T07:23:13","slug":"impressum","status":"publish","type":"page","link":"https:\/\/viamia.ch\/fr\/impressum\/","title":{"rendered":"Kontakt"},"content":{"rendered":"\n<section data-widget-group=\"headline_text\" class=\"inner-container\">\n    <div class=\"headline_text\">\n        <div class=\"headline title\">\n                        Contact\n                    <\/div>\n        <div class=\"text\">\n            <div class=\"content\">\n\n\n\n<p><a href=\"mailto:viamia@edk.ch\">viamia@edk.ch<\/a><br>Conf\u00e9rence suisse de l&rsquo;orientation professionnelle, universitaire et de carri\u00e8re (CS OPUC)<br>Une conf\u00e9rence sp\u00e9cialis\u00e9e des directrices et directeurs cantonaux de l\u2019instruction publique (CDIP)<br>Maison des cantons<br>Speichergasse 6<br>Case postale<br>CH-3001 Berne<br><\/p>\n\n\n\n<h1 class=\"wp-block-heading\">Conditions d&rsquo;utilisation<\/h1>\n\n\n\n<h2 class=\"wp-block-heading\">Clause de non-responsabilit\u00e9<\/h2>\n\n\n\n<p>Le contenu de ce site web est actualis\u00e9 et v\u00e9rifi\u00e9 en permanence. Le Secr\u00e9tariat g\u00e9n\u00e9ral de la CDIP n\u2019est toutefois pas en mesure de garantir la pr\u00e9cision, l\u2019int\u00e9gralit\u00e9 et l\u2019actualit\u00e9 des informations fournies. Il ne saurait \u00eatre tenu pour responsable de dommages r\u00e9sultant de l\u2019utilisation du contenu de ce site. Le contenu des sites web auxquels il est fait renvoi par des liens est de la responsabilit\u00e9 de leurs op\u00e9rateurs.<\/p>\n\n\n\n<h2 class=\"wp-block-heading\">Renvois et liens<\/h2>\n\n\n\n<p>Les renvois et liens vers d\u2019autres sites Internet ne sont pas de la responsabilit\u00e9 des autorit\u00e9s f\u00e9d\u00e9rales. L\u2019acc\u00e8s \u00e0 ces sites et leur utilisation se font aux risques des utilisateurs. Les autorit\u00e9s f\u00e9d\u00e9rales d\u00e9clarent express\u00e9ment qu\u2019elles n\u2019ont aucune influence sur la forme, le contenu et les offres des sites auxquels elles renvoient. Les informations et services offerts par ces sites sont enti\u00e8rement de la responsabilit\u00e9 de leurs auteurs.<\/p>\n\n\n\n<div id=\"datenschutz\"><\/div>\n\n\n\n<p>Les autorit\u00e9s f\u00e9d\u00e9rales rejettent toute responsabilit\u00e9 pour de tels sites Internet.<\/p>\n\n\n\n<h2 class=\"wp-block-heading\">Protection des donn\u00e9es<\/h2>\n\n\n\n<p>Aucunes donn\u00e9es \u00e0 caract\u00e8re personnel ne sont enregistr\u00e9es lors de l\u2019acc\u00e8s \u00e0 ce site web. Le serveur web n\u2019enregistre que des donn\u00e9es d\u2019utilisation \u00e0 caract\u00e8re non personnel.<\/p>\n\n\n\n<p>\u00c0 l\u2019instar de nombreux autres sites web, ce site utilise des fichiers appel\u00e9s \u00abcookies\u00bb. Ces petits fichiers texte sont transf\u00e9r\u00e9s sur votre ordinateur \u00e0 partir du serveur du site web. Les informations contenues dans les cookies permettent d\u2019optimiser votre navigation et garantissent que notre site web s\u2019affiche correctement. Vous pouvez \u00e0 tout moment d\u00e9sactiver l\u2019utilisation des cookies en acc\u00e9dant aux param\u00e8tres de votre navigateur. Il se peut toutefois que certaines fonctionnalit\u00e9s de notre site web ne soient pas disponibles si l\u2019utilisation des cookies est d\u00e9sactiv\u00e9e.<\/p>\n\n\n\n<h2 class=\"wp-block-heading\">Droits d&rsquo;auteur<\/h2>\n\n\n\n<p>Copyright<br>Conf\u00e9rence des directrices et directeurs cantonaux de l\u2019instruction publique (CDIP)<\/p>\n\n\n\n<p>\u00c9dition et r\u00e9daction<br>Secr\u00e9tariat g\u00e9n\u00e9ral de la CDIP \/ Conf\u00e9rence suisse de l&rsquo;orientation professionnelle, universitaire et de carri\u00e8re CS OPUC<\/p>\n\n\n\n<p>Les droits d\u2019auteur et autres droits sur ce site web appartiennent au Secr\u00e9tariat g\u00e9n\u00e9ral de la CDIP. Le t\u00e9l\u00e9chargement d\u2019\u00e9l\u00e9ments qu\u2019il contient (textes, images, fichiers) ne conf\u00e8re aucun droit. Il est autoris\u00e9 de citer des documents et des pages publi\u00e9s sur ce site en en indiquant la source exacte. R\u00e9utiliser des fichiers et des textes dans leur int\u00e9gralit\u00e9 est en revanche soumis \u00e0 l\u2019autorisation pr\u00e9alable du Secr\u00e9tariat g\u00e9n\u00e9ral de la CDIP.<\/p>\n\n\n\n<\/div>\n<\/div>\n<\/div>\n<\/section>\n","protected":false},"excerpt":{"rendered":"<p>Contact viamia@edk.chConf\u00e9rence suisse de l&rsquo;orientation professionnelle, universitaire et de carri\u00e8re (CS OPUC)Une conf\u00e9rence sp\u00e9cialis\u00e9e des directrices et directeurs cantonaux de l\u2019instruction publique (CDIP)Maison des cantonsSpeichergasse 6Case postaleCH-3001 Berne Conditions d&rsquo;utilisation Clause de non-responsabilit\u00e9 Le contenu de ce site web est actualis\u00e9 et v\u00e9rifi\u00e9 en permanence. Le Secr\u00e9tariat g\u00e9n\u00e9ral de la CDIP n\u2019est toutefois pas en [&hellip;]<\/p>\n","protected":false},"author":1,"featured_media":0,"parent":0,"menu_order":0,"comment_status":"closed","ping_status":"open","template":"","meta":{"_acf_changed":false,"footnotes":""},"class_list":["post-239","page","type-page","status-publish","hentry"],"acf":[],"yoast_head":"<!-- This site is optimized with the Yoast SEO plugin v27.5 - https:\/\/yoast.com\/product\/yoast-seo-wordpress\/ -->\n<title>Kontakt &#8211; viamia<\/title>\n<meta name=\"description\" content=\"Entdecken Sie Ihre beruflichen Perspektiven mit viamia | kostenlose berufliche Standortbestimmung f\u00fcr Personen \u00fcber 40 Jahren.\" \/>\n<meta name=\"robots\" content=\"index, follow, max-snippet:-1, max-image-preview:large, max-video-preview:-1\" \/>\n<link rel=\"canonical\" href=\"https:\/\/viamia.ch\/fr\/impressum\/\" \/>\n<meta property=\"og:locale\" content=\"fr_FR\" \/>\n<meta property=\"og:type\" content=\"article\" \/>\n<meta property=\"og:title\" content=\"Kontakt &#8211; viamia\" \/>\n<meta property=\"og:description\" content=\"Entdecken Sie Ihre beruflichen Perspektiven mit viamia | kostenlose berufliche Standortbestimmung f\u00fcr Personen \u00fcber 40 Jahren.\" \/>\n<meta property=\"og:url\" content=\"https:\/\/viamia.ch\/fr\/impressum\/\" \/>\n<meta property=\"og:site_name\" content=\"viamia\" \/>\n<meta property=\"article:modified_time\" content=\"2025-11-25T07:23:13+00:00\" \/>\n<meta name=\"twitter:card\" content=\"summary_large_image\" \/>\n<meta name=\"twitter:label1\" content=\"Dur\u00e9e de lecture estim\u00e9e\" \/>\n\t<meta name=\"twitter:data1\" content=\"3 minutes\" \/>\n<script type=\"application\/ld+json\" class=\"yoast-schema-graph\">{\"@context\":\"https:\\\/\\\/schema.org\",\"@graph\":[{\"@type\":\"WebPage\",\"@id\":\"https:\\\/\\\/viamia.ch\\\/fr\\\/impressum\\\/\",\"url\":\"https:\\\/\\\/viamia.ch\\\/fr\\\/impressum\\\/\",\"name\":\"Kontakt &#8211; viamia\",\"isPartOf\":{\"@id\":\"https:\\\/\\\/viamia.ch\\\/#website\"},\"datePublished\":\"2021-05-27T13:54:52+00:00\",\"dateModified\":\"2025-11-25T07:23:13+00:00\",\"description\":\"Entdecken Sie Ihre beruflichen Perspektiven mit viamia | kostenlose berufliche Standortbestimmung f\u00fcr Personen \u00fcber 40 Jahren.\",\"breadcrumb\":{\"@id\":\"https:\\\/\\\/viamia.ch\\\/fr\\\/impressum\\\/#breadcrumb\"},\"inLanguage\":\"fr-FR\",\"potentialAction\":[{\"@type\":\"ReadAction\",\"target\":[\"https:\\\/\\\/viamia.ch\\\/fr\\\/impressum\\\/\"]}]},{\"@type\":\"BreadcrumbList\",\"@id\":\"https:\\\/\\\/viamia.ch\\\/fr\\\/impressum\\\/#breadcrumb\",\"itemListElement\":[{\"@type\":\"ListItem\",\"position\":1,\"name\":\"Home\",\"item\":\"https:\\\/\\\/viamia.ch\\\/fr\\\/\"},{\"@type\":\"ListItem\",\"position\":2,\"name\":\"Kontakt\"}]},{\"@type\":\"WebSite\",\"@id\":\"https:\\\/\\\/viamia.ch\\\/#website\",\"url\":\"https:\\\/\\\/viamia.ch\\\/\",\"name\":\"viamia\",\"description\":\"D\u00e9veloppez votre potentiel!\",\"potentialAction\":[{\"@type\":\"SearchAction\",\"target\":{\"@type\":\"EntryPoint\",\"urlTemplate\":\"https:\\\/\\\/viamia.ch\\\/?s={search_term_string}\"},\"query-input\":{\"@type\":\"PropertyValueSpecification\",\"valueRequired\":true,\"valueName\":\"search_term_string\"}}],\"inLanguage\":\"fr-FR\"}]}<\/script>\n<!-- \/ Yoast SEO plugin. -->","yoast_head_json":{"title":"Kontakt &#8211; viamia","description":"Entdecken Sie Ihre beruflichen Perspektiven mit viamia | kostenlose berufliche Standortbestimmung f\u00fcr Personen \u00fcber 40 Jahren.","robots":{"index":"index","follow":"follow","max-snippet":"max-snippet:-1","max-image-preview":"max-image-preview:large","max-video-preview":"max-video-preview:-1"},"canonical":"https:\/\/viamia.ch\/fr\/impressum\/","og_locale":"fr_FR","og_type":"article","og_title":"Kontakt &#8211; viamia","og_description":"Entdecken Sie Ihre beruflichen Perspektiven mit viamia | kostenlose berufliche Standortbestimmung f\u00fcr Personen \u00fcber 40 Jahren.","og_url":"https:\/\/viamia.ch\/fr\/impressum\/","og_site_name":"viamia","article_modified_time":"2025-11-25T07:23:13+00:00","twitter_card":"summary_large_image","twitter_misc":{"Dur\u00e9e de lecture estim\u00e9e":"3 minutes"},"schema":{"@context":"https:\/\/schema.org","@graph":[{"@type":"WebPage","@id":"https:\/\/viamia.ch\/fr\/impressum\/","url":"https:\/\/viamia.ch\/fr\/impressum\/","name":"Kontakt &#8211; viamia","isPartOf":{"@id":"https:\/\/viamia.ch\/#website"},"datePublished":"2021-05-27T13:54:52+00:00","dateModified":"2025-11-25T07:23:13+00:00","description":"Entdecken Sie Ihre beruflichen Perspektiven mit viamia | kostenlose berufliche Standortbestimmung f\u00fcr Personen \u00fcber 40 Jahren.","breadcrumb":{"@id":"https:\/\/viamia.ch\/fr\/impressum\/#breadcrumb"},"inLanguage":"fr-FR","potentialAction":[{"@type":"ReadAction","target":["https:\/\/viamia.ch\/fr\/impressum\/"]}]},{"@type":"BreadcrumbList","@id":"https:\/\/viamia.ch\/fr\/impressum\/#breadcrumb","itemListElement":[{"@type":"ListItem","position":1,"name":"Home","item":"https:\/\/viamia.ch\/fr\/"},{"@type":"ListItem","position":2,"name":"Kontakt"}]},{"@type":"WebSite","@id":"https:\/\/viamia.ch\/#website","url":"https:\/\/viamia.ch\/","name":"viamia","description":"D\u00e9veloppez votre potentiel!","potentialAction":[{"@type":"SearchAction","target":{"@type":"EntryPoint","urlTemplate":"https:\/\/viamia.ch\/?s={search_term_string}"},"query-input":{"@type":"PropertyValueSpecification","valueRequired":true,"valueName":"search_term_string"}}],"inLanguage":"fr-FR"}]}},"_links":{"self":[{"href":"https:\/\/viamia.ch\/fr\/wp-json\/wp\/v2\/pages\/239","targetHints":{"allow":["GET"]}}],"collection":[{"href":"https:\/\/viamia.ch\/fr\/wp-json\/wp\/v2\/pages"}],"about":[{"href":"https:\/\/viamia.ch\/fr\/wp-json\/wp\/v2\/types\/page"}],"author":[{"embeddable":true,"href":"https:\/\/viamia.ch\/fr\/wp-json\/wp\/v2\/users\/1"}],"replies":[{"embeddable":true,"href":"https:\/\/viamia.ch\/fr\/wp-json\/wp\/v2\/comments?post=239"}],"version-history":[{"count":7,"href":"https:\/\/viamia.ch\/fr\/wp-json\/wp\/v2\/pages\/239\/revisions"}],"predecessor-version":[{"id":2769,"href":"https:\/\/viamia.ch\/fr\/wp-json\/wp\/v2\/pages\/239\/revisions\/2769"}],"wp:attachment":[{"href":"https:\/\/viamia.ch\/fr\/wp-json\/wp\/v2\/media?parent=239"}],"curies":[{"name":"wp","href":"https:\/\/api.w.org\/{rel}","templated":true}]}}