{"id":1929,"date":"2022-04-07T06:06:36","date_gmt":"2022-04-07T06:06:36","guid":{"rendered":"https:\/\/viamia.ch\/?page_id=1929"},"modified":"2025-11-24T16:44:19","modified_gmt":"2025-11-24T15:44:19","slug":"home-page-2","status":"publish","type":"page","link":"https:\/\/viamia.ch\/fr\/","title":{"rendered":"Home page"},"content":{"rendered":"\n<div class=\"wp-block-columns is-layout-flex wp-container-core-columns-is-layout-9d6595d7 wp-block-columns-is-layout-flex\">\n<div class=\"wp-block-column is-layout-flow wp-block-column-is-layout-flow\" style=\"flex-basis:33.33%\">\n<h1 style=\"text-align:left;\"><b>Vous avez plus de 40 ans?<\/b><br>Vous souhaitez exploiter votre talent?<br>\nOu assurer votre avenir professionnel?<br><br>C\u2019est possible: parlons-en.\n<\/h1><br>\n\n\n\n<p style=\"font-size:1.4rem; text-align:left; max-width: 840px;\">R\u00e9servez maintenant une <b>consultation individuelle gratuite<\/b>. <br>\nEnsemble, nous analyserons votre situation professionnelle.<br><br>\nUne fois vos besoins et vos objectifs d\u00e9finis, nous explorerons les possibilit\u00e9s de d\u00e9veloppement de votre carri\u00e8re. <\/p>\n<\/div>\n\n\n\n<div class=\"wp-block-column is-layout-flow wp-block-column-is-layout-flow\" style=\"flex-basis:66.66%\">\n<figure class=\"wp-block-embed is-type-video is-provider-youtube wp-block-embed-youtube wp-embed-aspect-16-9 wp-has-aspect-ratio\"><div class=\"wp-block-embed__wrapper\">\n<iframe loading=\"lazy\" title=\"viamia - Analyse gratuite de la situation pour les adultes de 40 ans et plus\" width=\"640\" height=\"360\" src=\"https:\/\/www.youtube.com\/embed\/_bqbpansxLg?feature=oembed\" frameborder=\"0\" allow=\"accelerometer; autoplay; clipboard-write; encrypted-media; gyroscope; picture-in-picture; web-share\" referrerpolicy=\"strict-origin-when-cross-origin\" allowfullscreen><\/iframe>\n<\/div><\/figure>\n<\/div>\n<\/div>\n","protected":false},"excerpt":{"rendered":"<p>Vous avez plus de 40 ans?Vous souhaitez exploiter votre talent? Ou assurer votre avenir professionnel? C\u2019est possible: parlons-en. R\u00e9servez maintenant une consultation individuelle gratuite. Ensemble, nous analyserons votre situation professionnelle. Une fois vos besoins et vos objectifs d\u00e9finis, nous explorerons les possibilit\u00e9s de d\u00e9veloppement de votre carri\u00e8re.<\/p>\n","protected":false},"author":1,"featured_media":0,"parent":0,"menu_order":0,"comment_status":"closed","ping_status":"closed","template":"template-home.php","meta":{"_acf_changed":false,"footnotes":""},"class_list":["post-1929","page","type-page","status-publish","hentry"],"acf":[],"yoast_head":"<!-- This site is optimized with the Yoast SEO plugin v27.5 - https:\/\/yoast.com\/product\/yoast-seo-wordpress\/ -->\n<title>Home page &#8211; viamia<\/title>\n<meta name=\"description\" content=\"Entdecken Sie Ihre beruflichen Perspektiven mit viamia | kostenlose berufliche Standortbestimmung f\u00fcr Personen \u00fcber 40 Jahren.\" \/>\n<meta name=\"robots\" content=\"index, follow, max-snippet:-1, max-image-preview:large, max-video-preview:-1\" \/>\n<link rel=\"canonical\" href=\"https:\/\/viamia.ch\/fr\/\" \/>\n<meta property=\"og:locale\" content=\"fr_FR\" \/>\n<meta property=\"og:type\" content=\"article\" \/>\n<meta property=\"og:title\" content=\"Home page &#8211; viamia\" \/>\n<meta property=\"og:description\" content=\"Entdecken Sie Ihre beruflichen Perspektiven mit viamia | kostenlose berufliche Standortbestimmung f\u00fcr Personen \u00fcber 40 Jahren.\" \/>\n<meta property=\"og:url\" content=\"https:\/\/viamia.ch\/fr\/\" \/>\n<meta property=\"og:site_name\" content=\"viamia\" \/>\n<meta property=\"article:modified_time\" content=\"2025-11-24T15:44:19+00:00\" \/>\n<meta name=\"twitter:card\" content=\"summary_large_image\" \/>\n<meta name=\"twitter:label1\" content=\"Dur\u00e9e de lecture estim\u00e9e\" \/>\n\t<meta name=\"twitter:data1\" content=\"1 minute\" \/>\n<script type=\"application\/ld+json\" class=\"yoast-schema-graph\">{\"@context\":\"https:\\\/\\\/schema.org\",\"@graph\":[{\"@type\":\"WebPage\",\"@id\":\"https:\\\/\\\/viamia.ch\\\/fr\\\/\",\"url\":\"https:\\\/\\\/viamia.ch\\\/fr\\\/\",\"name\":\"Home page &#8211; viamia\",\"isPartOf\":{\"@id\":\"https:\\\/\\\/viamia.ch\\\/#website\"},\"datePublished\":\"2022-04-07T06:06:36+00:00\",\"dateModified\":\"2025-11-24T15:44:19+00:00\",\"description\":\"Entdecken Sie Ihre beruflichen Perspektiven mit viamia | kostenlose berufliche Standortbestimmung f\u00fcr Personen \u00fcber 40 Jahren.\",\"breadcrumb\":{\"@id\":\"https:\\\/\\\/viamia.ch\\\/fr\\\/#breadcrumb\"},\"inLanguage\":\"fr-FR\",\"potentialAction\":[{\"@type\":\"ReadAction\",\"target\":[\"https:\\\/\\\/viamia.ch\\\/fr\\\/\"]}]},{\"@type\":\"BreadcrumbList\",\"@id\":\"https:\\\/\\\/viamia.ch\\\/fr\\\/#breadcrumb\",\"itemListElement\":[{\"@type\":\"ListItem\",\"position\":1,\"name\":\"Home\",\"item\":\"https:\\\/\\\/viamia.ch\\\/fr\\\/\"},{\"@type\":\"ListItem\",\"position\":2,\"name\":\"Home page\"}]},{\"@type\":\"WebSite\",\"@id\":\"https:\\\/\\\/viamia.ch\\\/#website\",\"url\":\"https:\\\/\\\/viamia.ch\\\/\",\"name\":\"viamia\",\"description\":\"D\u00e9veloppez votre potentiel!\",\"potentialAction\":[{\"@type\":\"SearchAction\",\"target\":{\"@type\":\"EntryPoint\",\"urlTemplate\":\"https:\\\/\\\/viamia.ch\\\/?s={search_term_string}\"},\"query-input\":{\"@type\":\"PropertyValueSpecification\",\"valueRequired\":true,\"valueName\":\"search_term_string\"}}],\"inLanguage\":\"fr-FR\"}]}<\/script>\n<!-- \/ Yoast SEO plugin. -->","yoast_head_json":{"title":"Home page &#8211; viamia","description":"Entdecken Sie Ihre beruflichen Perspektiven mit viamia | kostenlose berufliche Standortbestimmung f\u00fcr Personen \u00fcber 40 Jahren.","robots":{"index":"index","follow":"follow","max-snippet":"max-snippet:-1","max-image-preview":"max-image-preview:large","max-video-preview":"max-video-preview:-1"},"canonical":"https:\/\/viamia.ch\/fr\/","og_locale":"fr_FR","og_type":"article","og_title":"Home page &#8211; viamia","og_description":"Entdecken Sie Ihre beruflichen Perspektiven mit viamia | kostenlose berufliche Standortbestimmung f\u00fcr Personen \u00fcber 40 Jahren.","og_url":"https:\/\/viamia.ch\/fr\/","og_site_name":"viamia","article_modified_time":"2025-11-24T15:44:19+00:00","twitter_card":"summary_large_image","twitter_misc":{"Dur\u00e9e de lecture estim\u00e9e":"1 minute"},"schema":{"@context":"https:\/\/schema.org","@graph":[{"@type":"WebPage","@id":"https:\/\/viamia.ch\/fr\/","url":"https:\/\/viamia.ch\/fr\/","name":"Home page &#8211; viamia","isPartOf":{"@id":"https:\/\/viamia.ch\/#website"},"datePublished":"2022-04-07T06:06:36+00:00","dateModified":"2025-11-24T15:44:19+00:00","description":"Entdecken Sie Ihre beruflichen Perspektiven mit viamia | kostenlose berufliche Standortbestimmung f\u00fcr Personen \u00fcber 40 Jahren.","breadcrumb":{"@id":"https:\/\/viamia.ch\/fr\/#breadcrumb"},"inLanguage":"fr-FR","potentialAction":[{"@type":"ReadAction","target":["https:\/\/viamia.ch\/fr\/"]}]},{"@type":"BreadcrumbList","@id":"https:\/\/viamia.ch\/fr\/#breadcrumb","itemListElement":[{"@type":"ListItem","position":1,"name":"Home","item":"https:\/\/viamia.ch\/fr\/"},{"@type":"ListItem","position":2,"name":"Home page"}]},{"@type":"WebSite","@id":"https:\/\/viamia.ch\/#website","url":"https:\/\/viamia.ch\/","name":"viamia","description":"D\u00e9veloppez votre potentiel!","potentialAction":[{"@type":"SearchAction","target":{"@type":"EntryPoint","urlTemplate":"https:\/\/viamia.ch\/?s={search_term_string}"},"query-input":{"@type":"PropertyValueSpecification","valueRequired":true,"valueName":"search_term_string"}}],"inLanguage":"fr-FR"}]}},"_links":{"self":[{"href":"https:\/\/viamia.ch\/fr\/wp-json\/wp\/v2\/pages\/1929","targetHints":{"allow":["GET"]}}],"collection":[{"href":"https:\/\/viamia.ch\/fr\/wp-json\/wp\/v2\/pages"}],"about":[{"href":"https:\/\/viamia.ch\/fr\/wp-json\/wp\/v2\/types\/page"}],"author":[{"embeddable":true,"href":"https:\/\/viamia.ch\/fr\/wp-json\/wp\/v2\/users\/1"}],"replies":[{"embeddable":true,"href":"https:\/\/viamia.ch\/fr\/wp-json\/wp\/v2\/comments?post=1929"}],"version-history":[{"count":39,"href":"https:\/\/viamia.ch\/fr\/wp-json\/wp\/v2\/pages\/1929\/revisions"}],"predecessor-version":[{"id":2763,"href":"https:\/\/viamia.ch\/fr\/wp-json\/wp\/v2\/pages\/1929\/revisions\/2763"}],"wp:attachment":[{"href":"https:\/\/viamia.ch\/fr\/wp-json\/wp\/v2\/media?parent=1929"}],"curies":[{"name":"wp","href":"https:\/\/api.w.org\/{rel}","templated":true}]}}