{"id":149,"date":"2021-06-01T12:26:01","date_gmt":"2021-06-01T12:26:01","guid":{"rendered":"http:\/\/viamia.local\/?page_id=149"},"modified":"2022-04-11T11:10:13","modified_gmt":"2022-04-11T11:10:13","slug":"home-page","status":"publish","type":"page","link":"https:\/\/viamia.ch\/fr\/home-page\/","title":{"rendered":"Home page"},"content":{"rendered":"\n<h1><b>viamia \u2013 une initiative de la Conf\u00e9d\u00e9ration et des cantons. Nous proposons un bilan professionnel gratuit aux personnes \u00e0 partir de 40&nbsp;ans.<\/b><\/h1>\n<br>\n\n\n\n<h1 class=\"wp-block-heading\">Venez nous voir pour b\u00e9n\u00e9ficier d\u2019un conseil personnalis\u00e9. Ensemble, nous analyserons votre situation professionnelle. Une fois vos besoins et vos objectifs d\u00e9finis, nous explorerons les possibilit\u00e9s de d\u00e9veloppement de votre carri\u00e8re.<\/h1>\n","protected":false},"excerpt":{"rendered":"<p>viamia \u2013 une initiative de la Conf\u00e9d\u00e9ration et des cantons. Nous proposons un bilan professionnel gratuit aux personnes \u00e0 partir de 40&nbsp;ans. Venez nous voir pour b\u00e9n\u00e9ficier d\u2019un conseil personnalis\u00e9. Ensemble, nous analyserons votre situation professionnelle. Une fois vos besoins et vos objectifs d\u00e9finis, nous explorerons les possibilit\u00e9s de d\u00e9veloppement de votre carri\u00e8re.<\/p>\n","protected":false},"author":1,"featured_media":0,"parent":0,"menu_order":0,"comment_status":"closed","ping_status":"closed","template":"template-home.php","meta":{"_acf_changed":false,"footnotes":""},"class_list":["post-149","page","type-page","status-publish","hentry"],"acf":[],"yoast_head":"<!-- This site is optimized with the Yoast SEO plugin v27.5 - https:\/\/yoast.com\/product\/yoast-seo-wordpress\/ -->\n<title>Home page &#8211; viamia<\/title>\n<meta name=\"description\" content=\"Entdecken Sie Ihre beruflichen Perspektiven mit viamia | kostenlose berufliche Standortbestimmung f\u00fcr Personen \u00fcber 40 Jahren.\" \/>\n<meta name=\"robots\" content=\"index, follow, max-snippet:-1, max-image-preview:large, max-video-preview:-1\" \/>\n<link rel=\"canonical\" href=\"https:\/\/viamia.ch\/fr\/home-page\/\" \/>\n<meta property=\"og:locale\" content=\"fr_FR\" \/>\n<meta property=\"og:type\" content=\"article\" \/>\n<meta property=\"og:title\" content=\"Home page &#8211; viamia\" \/>\n<meta property=\"og:description\" content=\"Entdecken Sie Ihre beruflichen Perspektiven mit viamia | kostenlose berufliche Standortbestimmung f\u00fcr Personen \u00fcber 40 Jahren.\" \/>\n<meta property=\"og:url\" content=\"https:\/\/viamia.ch\/fr\/home-page\/\" \/>\n<meta property=\"og:site_name\" content=\"viamia\" \/>\n<meta property=\"article:modified_time\" content=\"2022-04-11T11:10:13+00:00\" \/>\n<meta name=\"twitter:card\" content=\"summary_large_image\" \/>\n<script type=\"application\/ld+json\" class=\"yoast-schema-graph\">{\"@context\":\"https:\\\/\\\/schema.org\",\"@graph\":[{\"@type\":\"WebPage\",\"@id\":\"https:\\\/\\\/viamia.ch\\\/fr\\\/home-page\\\/\",\"url\":\"https:\\\/\\\/viamia.ch\\\/fr\\\/home-page\\\/\",\"name\":\"Home page &#8211; viamia\",\"isPartOf\":{\"@id\":\"https:\\\/\\\/viamia.ch\\\/#website\"},\"datePublished\":\"2021-06-01T12:26:01+00:00\",\"dateModified\":\"2022-04-11T11:10:13+00:00\",\"description\":\"Entdecken Sie Ihre beruflichen Perspektiven mit viamia | kostenlose berufliche Standortbestimmung f\u00fcr Personen \u00fcber 40 Jahren.\",\"breadcrumb\":{\"@id\":\"https:\\\/\\\/viamia.ch\\\/fr\\\/home-page\\\/#breadcrumb\"},\"inLanguage\":\"fr-FR\",\"potentialAction\":[{\"@type\":\"ReadAction\",\"target\":[\"https:\\\/\\\/viamia.ch\\\/fr\\\/home-page\\\/\"]}]},{\"@type\":\"BreadcrumbList\",\"@id\":\"https:\\\/\\\/viamia.ch\\\/fr\\\/home-page\\\/#breadcrumb\",\"itemListElement\":[{\"@type\":\"ListItem\",\"position\":1,\"name\":\"Home\",\"item\":\"https:\\\/\\\/viamia.ch\\\/fr\\\/\"},{\"@type\":\"ListItem\",\"position\":2,\"name\":\"Home page\"}]},{\"@type\":\"WebSite\",\"@id\":\"https:\\\/\\\/viamia.ch\\\/#website\",\"url\":\"https:\\\/\\\/viamia.ch\\\/\",\"name\":\"viamia\",\"description\":\"D\u00e9veloppez votre potentiel!\",\"potentialAction\":[{\"@type\":\"SearchAction\",\"target\":{\"@type\":\"EntryPoint\",\"urlTemplate\":\"https:\\\/\\\/viamia.ch\\\/?s={search_term_string}\"},\"query-input\":{\"@type\":\"PropertyValueSpecification\",\"valueRequired\":true,\"valueName\":\"search_term_string\"}}],\"inLanguage\":\"fr-FR\"}]}<\/script>\n<!-- \/ Yoast SEO plugin. -->","yoast_head_json":{"title":"Home page &#8211; viamia","description":"Entdecken Sie Ihre beruflichen Perspektiven mit viamia | kostenlose berufliche Standortbestimmung f\u00fcr Personen \u00fcber 40 Jahren.","robots":{"index":"index","follow":"follow","max-snippet":"max-snippet:-1","max-image-preview":"max-image-preview:large","max-video-preview":"max-video-preview:-1"},"canonical":"https:\/\/viamia.ch\/fr\/home-page\/","og_locale":"fr_FR","og_type":"article","og_title":"Home page &#8211; viamia","og_description":"Entdecken Sie Ihre beruflichen Perspektiven mit viamia | kostenlose berufliche Standortbestimmung f\u00fcr Personen \u00fcber 40 Jahren.","og_url":"https:\/\/viamia.ch\/fr\/home-page\/","og_site_name":"viamia","article_modified_time":"2022-04-11T11:10:13+00:00","twitter_card":"summary_large_image","schema":{"@context":"https:\/\/schema.org","@graph":[{"@type":"WebPage","@id":"https:\/\/viamia.ch\/fr\/home-page\/","url":"https:\/\/viamia.ch\/fr\/home-page\/","name":"Home page &#8211; viamia","isPartOf":{"@id":"https:\/\/viamia.ch\/#website"},"datePublished":"2021-06-01T12:26:01+00:00","dateModified":"2022-04-11T11:10:13+00:00","description":"Entdecken Sie Ihre beruflichen Perspektiven mit viamia | kostenlose berufliche Standortbestimmung f\u00fcr Personen \u00fcber 40 Jahren.","breadcrumb":{"@id":"https:\/\/viamia.ch\/fr\/home-page\/#breadcrumb"},"inLanguage":"fr-FR","potentialAction":[{"@type":"ReadAction","target":["https:\/\/viamia.ch\/fr\/home-page\/"]}]},{"@type":"BreadcrumbList","@id":"https:\/\/viamia.ch\/fr\/home-page\/#breadcrumb","itemListElement":[{"@type":"ListItem","position":1,"name":"Home","item":"https:\/\/viamia.ch\/fr\/"},{"@type":"ListItem","position":2,"name":"Home page"}]},{"@type":"WebSite","@id":"https:\/\/viamia.ch\/#website","url":"https:\/\/viamia.ch\/","name":"viamia","description":"D\u00e9veloppez votre potentiel!","potentialAction":[{"@type":"SearchAction","target":{"@type":"EntryPoint","urlTemplate":"https:\/\/viamia.ch\/?s={search_term_string}"},"query-input":{"@type":"PropertyValueSpecification","valueRequired":true,"valueName":"search_term_string"}}],"inLanguage":"fr-FR"}]}},"_links":{"self":[{"href":"https:\/\/viamia.ch\/fr\/wp-json\/wp\/v2\/pages\/149","targetHints":{"allow":["GET"]}}],"collection":[{"href":"https:\/\/viamia.ch\/fr\/wp-json\/wp\/v2\/pages"}],"about":[{"href":"https:\/\/viamia.ch\/fr\/wp-json\/wp\/v2\/types\/page"}],"author":[{"embeddable":true,"href":"https:\/\/viamia.ch\/fr\/wp-json\/wp\/v2\/users\/1"}],"replies":[{"embeddable":true,"href":"https:\/\/viamia.ch\/fr\/wp-json\/wp\/v2\/comments?post=149"}],"version-history":[{"count":97,"href":"https:\/\/viamia.ch\/fr\/wp-json\/wp\/v2\/pages\/149\/revisions"}],"predecessor-version":[{"id":1956,"href":"https:\/\/viamia.ch\/fr\/wp-json\/wp\/v2\/pages\/149\/revisions\/1956"}],"wp:attachment":[{"href":"https:\/\/viamia.ch\/fr\/wp-json\/wp\/v2\/media?parent=149"}],"curies":[{"name":"wp","href":"https:\/\/api.w.org\/{rel}","templated":true}]}}